{"id":3746,"date":"2022-12-23T12:22:24","date_gmt":"2022-12-23T11:22:24","guid":{"rendered":"https:\/\/automate.dk\/?page_id=3746"},"modified":"2024-04-29T21:04:37","modified_gmt":"2024-04-29T19:04:37","slug":"indsigter","status":"publish","type":"page","link":"https:\/\/automate.dk\/en\/indsigter\/","title":{"rendered":"Articles"},"content":{"rendered":"<div data-elementor-type=\"wp-page\" data-elementor-id=\"3746\" class=\"elementor elementor-3746\" data-elementor-post-type=\"page\">\n\t\t\t\t\t\t<section class=\"elementor-section elementor-top-section elementor-element elementor-element-39e43c1 elementor-section-boxed elementor-section-height-default elementor-section-height-default\" data-id=\"39e43c1\" data-element_type=\"section\" data-e-type=\"section\" data-settings=\"{&quot;background_background&quot;:&quot;classic&quot;}\">\n\t\t\t\t\t\t\t<div class=\"elementor-background-overlay\"><\/div>\n\t\t\t\t\t\t\t<div class=\"elementor-container elementor-column-gap-default\">\n\t\t\t\t\t<div class=\"elementor-column elementor-col-100 elementor-top-column elementor-element elementor-element-88d0b9a\" data-id=\"88d0b9a\" data-element_type=\"column\" data-e-type=\"column\" data-settings=\"{&quot;background_background&quot;:&quot;classic&quot;}\">\n\t\t\t<div class=\"elementor-widget-wrap elementor-element-populated\">\n\t\t\t\t\t\t\t<\/div>\n\t\t<\/div>\n\t\t\t\t\t<\/div>\n\t\t<\/section>\n\t\t\t\t<section class=\"elementor-section elementor-top-section elementor-element elementor-element-550f382 elementor-section-boxed elementor-section-height-default elementor-section-height-default\" data-id=\"550f382\" data-element_type=\"section\" data-e-type=\"section\">\n\t\t\t\t\t\t<div class=\"elementor-container elementor-column-gap-default\">\n\t\t\t\t\t<div class=\"elementor-column elementor-col-100 elementor-top-column elementor-element elementor-element-cc38123\" data-id=\"cc38123\" data-element_type=\"column\" data-e-type=\"column\">\n\t\t\t<div class=\"elementor-widget-wrap elementor-element-populated\">\n\t\t\t\t\t\t<div class=\"elementor-element elementor-element-9b0877e elementor-grid-2 elementor-grid-tablet-2 elementor-grid-mobile-1 elementor-posts--thumbnail-top elementor-widget elementor-widget-posts\" data-id=\"9b0877e\" data-element_type=\"widget\" data-e-type=\"widget\" data-settings=\"{&quot;classic_columns&quot;:&quot;2&quot;,&quot;classic_columns_tablet&quot;:&quot;2&quot;,&quot;classic_columns_mobile&quot;:&quot;1&quot;,&quot;classic_row_gap&quot;:{&quot;unit&quot;:&quot;px&quot;,&quot;size&quot;:35,&quot;sizes&quot;:[]},&quot;classic_row_gap_tablet&quot;:{&quot;unit&quot;:&quot;px&quot;,&quot;size&quot;:&quot;&quot;,&quot;sizes&quot;:[]},&quot;classic_row_gap_mobile&quot;:{&quot;unit&quot;:&quot;px&quot;,&quot;size&quot;:&quot;&quot;,&quot;sizes&quot;:[]}}\" data-widget_type=\"posts.classic\">\n\t\t\t\t<div class=\"elementor-widget-container\">\n\t\t\t\t\t\t\t<div class=\"elementor-posts-container elementor-posts elementor-posts--skin-classic elementor-grid\" role=\"list\">\n\t\t\t\t<article class=\"elementor-post elementor-grid-item post-4911 post type-post status-publish format-standard has-post-thumbnail hentry category-vision\" role=\"listitem\">\n\t\t\t\t<a class=\"elementor-post__thumbnail__link\" href=\"https:\/\/automate.dk\/en\/kvalitetskontrol-med-vision-loesninger\/\" tabindex=\"-1\" target=\"&quot;_blank&quot;\">\n\t\t\t<div class=\"elementor-post__thumbnail\"><img fetchpriority=\"high\" decoding=\"async\" width=\"1024\" height=\"521\" src=\"https:\/\/automate.dk\/wp-content\/uploads\/2021\/01\/Vision-1024x521.jpg\" class=\"attachment-large size-large wp-image-2028\" alt=\"\" srcset=\"https:\/\/automate.dk\/wp-content\/uploads\/2021\/01\/Vision-1024x521.jpg 1024w, https:\/\/automate.dk\/wp-content\/uploads\/2021\/01\/Vision-300x153.jpg 300w, https:\/\/automate.dk\/wp-content\/uploads\/2021\/01\/Vision-768x391.jpg 768w, https:\/\/automate.dk\/wp-content\/uploads\/2021\/01\/Vision-1536x781.jpg 1536w, https:\/\/automate.dk\/wp-content\/uploads\/2021\/01\/Vision-18x9.jpg 18w, https:\/\/automate.dk\/wp-content\/uploads\/2021\/01\/Vision-20x10.jpg 20w, https:\/\/automate.dk\/wp-content\/uploads\/2021\/01\/elementor\/thumbs\/Vision-q7y45jkxdw4nk7ssk3pdp8r4h808xhf6hlkorqu0lm.jpg 2w, https:\/\/automate.dk\/wp-content\/uploads\/2021\/01\/Vision.jpg 1999w\" sizes=\"(max-width: 1024px) 100vw, 1024px\" \/><\/div>\n\t\t<\/a>\n\t\t\t\t<div class=\"elementor-post__text\">\n\t\t\t\t<h2 class=\"elementor-post__title\">\n\t\t\t<a href=\"https:\/\/automate.dk\/en\/kvalitetskontrol-med-vision-loesninger\/\" target=\"&quot;_blank&quot;\">\n\t\t\t\tQuality control with Vision-solutions\t\t\t<\/a>\n\t\t<\/h2>\n\t\t\t\t<div class=\"elementor-post__meta-data\">\n\t\t\t\t\t<span class=\"elementor-post-date\">\n\t\t\t11. Sep 2024\t\t<\/span>\n\t\t\t\t<span class=\"elementor-post-time\">\n\t\t\t09:05\t\t<\/span>\n\t\t\t\t<\/div>\n\t\t\t\t<div class=\"elementor-post__excerpt\">\n\t\t\t<p>Vision-solutions optimizes production, automates quality control and reduces the amount of errors. With professional vision systems integrated into the product line it is possible to substantially improve quality control while also freeing resources for other purposes.<\/p>\n\t\t<\/div>\n\t\t\t\t\t<div class=\"elementor-post__read-more-wrapper\">\n\t\t\n\t\t<a class=\"elementor-post__read-more\" href=\"https:\/\/automate.dk\/en\/kvalitetskontrol-med-vision-loesninger\/\" aria-label=\"Read more about Kvalitetskontrol med vision-l\u00f8sninger\" tabindex=\"-1\" target=\"_blank\">\n\t\t\tRead more \u00bb\t\t<\/a>\n\n\t\t\t\t\t<\/div>\n\t\t\t\t<\/div>\n\t\t\t\t<\/article>\n\t\t\t\t<article class=\"elementor-post elementor-grid-item post-5030 post type-post status-publish format-standard has-post-thumbnail hentry category-cobots\" role=\"listitem\">\n\t\t\t\t<a class=\"elementor-post__thumbnail__link\" href=\"https:\/\/automate.dk\/en\/why-cobots-are-the-3rd-wave-of-manufacturing-automation-2\/\" tabindex=\"-1\" target=\"&quot;_blank&quot;\">\n\t\t\t<div class=\"elementor-post__thumbnail\"><img decoding=\"async\" width=\"1000\" height=\"667\" src=\"https:\/\/automate.dk\/wp-content\/uploads\/2023\/01\/Cobot-working-in-a-manufacturing-plant.png\" class=\"attachment-large size-large wp-image-3960\" alt=\"Cobot collaborative robot working in a manufacturing plant\" srcset=\"https:\/\/automate.dk\/wp-content\/uploads\/2023\/01\/Cobot-working-in-a-manufacturing-plant.png 1000w, https:\/\/automate.dk\/wp-content\/uploads\/2023\/01\/Cobot-working-in-a-manufacturing-plant-300x200.png 300w, https:\/\/automate.dk\/wp-content\/uploads\/2023\/01\/Cobot-working-in-a-manufacturing-plant-768x512.png 768w, https:\/\/automate.dk\/wp-content\/uploads\/2023\/01\/Cobot-working-in-a-manufacturing-plant-18x12.png 18w, https:\/\/automate.dk\/wp-content\/uploads\/2023\/01\/Cobot-working-in-a-manufacturing-plant-20x13.png 20w\" sizes=\"(max-width: 1000px) 100vw, 1000px\" \/><\/div>\n\t\t<\/a>\n\t\t\t\t<div class=\"elementor-post__text\">\n\t\t\t\t<h2 class=\"elementor-post__title\">\n\t\t\t<a href=\"https:\/\/automate.dk\/en\/why-cobots-are-the-3rd-wave-of-manufacturing-automation-2\/\" target=\"&quot;_blank&quot;\">\n\t\t\t\tWhy cobots are the 3rd wave of manufacturing automation\t\t\t<\/a>\n\t\t<\/h2>\n\t\t\t\t<div class=\"elementor-post__meta-data\">\n\t\t\t\t\t<span class=\"elementor-post-date\">\n\t\t\t24. Jan 2023\t\t<\/span>\n\t\t\t\t<span class=\"elementor-post-time\">\n\t\t\t13:53\t\t<\/span>\n\t\t\t\t<\/div>\n\t\t\t\t<div class=\"elementor-post__excerpt\">\n\t\t\t<p>Automation solutions are undergoing a third wave of development. Here\u2019s how cobots are transforming production.<\/p>\n\t\t<\/div>\n\t\t\t\t\t<div class=\"elementor-post__read-more-wrapper\">\n\t\t\n\t\t<a class=\"elementor-post__read-more\" href=\"https:\/\/automate.dk\/en\/why-cobots-are-the-3rd-wave-of-manufacturing-automation-2\/\" aria-label=\"Read more about Hvorfor cobots er den tredje b\u00f8lge af automatisering i produktionen\" tabindex=\"-1\" target=\"_blank\">\n\t\t\tRead more \u00bb\t\t<\/a>\n\n\t\t\t\t\t<\/div>\n\t\t\t\t<\/div>\n\t\t\t\t<\/article>\n\t\t\t\t<article class=\"elementor-post elementor-grid-item post-5046 post type-post status-publish format-standard has-post-thumbnail hentry category-cobots\" role=\"listitem\">\n\t\t\t\t<a class=\"elementor-post__thumbnail__link\" href=\"https:\/\/automate.dk\/en\/den-ultimative-logistiske-opgradering-hvorfor-cobots-er-det-eneste-vaerktoej-du-har-brug-for-for-at-opnaa-en-konkurrencefordel\/\" tabindex=\"-1\" target=\"&quot;_blank&quot;\">\n\t\t\t<div class=\"elementor-post__thumbnail\"><img decoding=\"async\" width=\"1024\" height=\"573\" src=\"https:\/\/automate.dk\/wp-content\/uploads\/2022\/12\/manufacturing-robot-team-1-1-1024x573.jpg\" class=\"attachment-large size-large wp-image-3695\" alt=\"\" srcset=\"https:\/\/automate.dk\/wp-content\/uploads\/2022\/12\/manufacturing-robot-team-1-1-1024x573.jpg 1024w, https:\/\/automate.dk\/wp-content\/uploads\/2022\/12\/manufacturing-robot-team-1-1-300x168.jpg 300w, https:\/\/automate.dk\/wp-content\/uploads\/2022\/12\/manufacturing-robot-team-1-1-768x430.jpg 768w, https:\/\/automate.dk\/wp-content\/uploads\/2022\/12\/manufacturing-robot-team-1-1-18x10.jpg 18w, https:\/\/automate.dk\/wp-content\/uploads\/2022\/12\/manufacturing-robot-team-1-1-20x11.jpg 20w, https:\/\/automate.dk\/wp-content\/uploads\/2022\/12\/manufacturing-robot-team-1-1.jpg 1200w\" sizes=\"(max-width: 1024px) 100vw, 1024px\" \/><\/div>\n\t\t<\/a>\n\t\t\t\t<div class=\"elementor-post__text\">\n\t\t\t\t<h2 class=\"elementor-post__title\">\n\t\t\t<a href=\"https:\/\/automate.dk\/en\/den-ultimative-logistiske-opgradering-hvorfor-cobots-er-det-eneste-vaerktoej-du-har-brug-for-for-at-opnaa-en-konkurrencefordel\/\" target=\"&quot;_blank&quot;\">\n\t\t\t\tThe ultimate logistics upgrade: Why cobots are the one tool you need to gain a competitive advantage\t\t\t<\/a>\n\t\t<\/h2>\n\t\t\t\t<div class=\"elementor-post__meta-data\">\n\t\t\t\t\t<span class=\"elementor-post-date\">\n\t\t\t20. Dec 2022\t\t<\/span>\n\t\t\t\t<span class=\"elementor-post-time\">\n\t\t\t14:58\t\t<\/span>\n\t\t\t\t<\/div>\n\t\t\t\t<div class=\"elementor-post__excerpt\">\n\t\t\t<p>Discover how cobots can help your production becoming competitive with fast developing markets of today.<\/p>\n\t\t<\/div>\n\t\t\t\t\t<div class=\"elementor-post__read-more-wrapper\">\n\t\t\n\t\t<a class=\"elementor-post__read-more\" href=\"https:\/\/automate.dk\/en\/den-ultimative-logistiske-opgradering-hvorfor-cobots-er-det-eneste-vaerktoej-du-har-brug-for-for-at-opnaa-en-konkurrencefordel\/\" aria-label=\"Read more about Den ultimative logistiske opgradering: Hvorfor cobots er det eneste v\u00e6rkt\u00f8j, du har brug for, for at opn\u00e5 en konkurrencefordel\" tabindex=\"-1\" target=\"_blank\">\n\t\t\tRead more \u00bb\t\t<\/a>\n\n\t\t\t\t\t<\/div>\n\t\t\t\t<\/div>\n\t\t\t\t<\/article>\n\t\t\t\t<article class=\"elementor-post elementor-grid-item post-5055 post type-post status-publish format-standard has-post-thumbnail hentry category-cobots\" role=\"listitem\">\n\t\t\t\t<a class=\"elementor-post__thumbnail__link\" href=\"https:\/\/automate.dk\/en\/what-are-collaborative-robots-cobots\/\" tabindex=\"-1\" target=\"&quot;_blank&quot;\">\n\t\t\t<div class=\"elementor-post__thumbnail\"><img loading=\"lazy\" decoding=\"async\" width=\"601\" height=\"262\" src=\"https:\/\/automate.dk\/wp-content\/uploads\/2020\/09\/cobots-illustration-e1669124443222.png\" class=\"attachment-large size-large wp-image-3237\" alt=\"\" srcset=\"https:\/\/automate.dk\/wp-content\/uploads\/2020\/09\/cobots-illustration-e1669124443222.png 601w, https:\/\/automate.dk\/wp-content\/uploads\/2020\/09\/cobots-illustration-e1669124443222-300x131.png 300w, https:\/\/automate.dk\/wp-content\/uploads\/2020\/09\/cobots-illustration-e1669124443222-18x8.png 18w\" sizes=\"(max-width: 601px) 100vw, 601px\" \/><\/div>\n\t\t<\/a>\n\t\t\t\t<div class=\"elementor-post__text\">\n\t\t\t\t<h2 class=\"elementor-post__title\">\n\t\t\t<a href=\"https:\/\/automate.dk\/en\/what-are-collaborative-robots-cobots\/\" target=\"&quot;_blank&quot;\">\n\t\t\t\tWhat are collaborative robots (cobots)?\t\t\t<\/a>\n\t\t<\/h2>\n\t\t\t\t<div class=\"elementor-post__meta-data\">\n\t\t\t\t\t<span class=\"elementor-post-date\">\n\t\t\t29. Sep 2020\t\t<\/span>\n\t\t\t\t<span class=\"elementor-post-time\">\n\t\t\t13:52\t\t<\/span>\n\t\t\t\t<\/div>\n\t\t\t\t<div class=\"elementor-post__excerpt\">\n\t\t\t<p>As a manufacturer, what do you need to know about collaborative robots (cobots)? Are they right for your needs?<\/p>\n\t\t<\/div>\n\t\t\t\t\t<div class=\"elementor-post__read-more-wrapper\">\n\t\t\n\t\t<a class=\"elementor-post__read-more\" href=\"https:\/\/automate.dk\/en\/what-are-collaborative-robots-cobots\/\" aria-label=\"Read more about Hvad er kollaborative robotter (cobots)?\" tabindex=\"-1\" target=\"_blank\">\n\t\t\tRead more \u00bb\t\t<\/a>\n\n\t\t\t\t\t<\/div>\n\t\t\t\t<\/div>\n\t\t\t\t<\/article>\n\t\t\t\t<\/div>\n\t\t\n\t\t\t\t\t\t<\/div>\n\t\t\t\t<\/div>\n\t\t\t\t\t<\/div>\n\t\t<\/div>\n\t\t\t\t\t<\/div>\n\t\t<\/section>\n\t\t\t\t<\/div>","protected":false},"excerpt":{"rendered":"","protected":false},"author":2,"featured_media":3094,"parent":0,"menu_order":0,"comment_status":"closed","ping_status":"closed","template":"elementor_header_footer","meta":{"_seopress_robots_primary_cat":"","_seopress_titles_title":"","_seopress_titles_desc":"","_seopress_robots_index":"","site-sidebar-layout":"no-sidebar","site-content-layout":"page-builder","ast-site-content-layout":"default","site-content-style":"default","site-sidebar-style":"default","ast-global-header-display":"","ast-banner-title-visibility":"","ast-main-header-display":"","ast-hfb-above-header-display":"","ast-hfb-below-header-display":"","ast-hfb-mobile-header-display":"","site-post-title":"disabled","ast-breadcrumbs-content":"","ast-featured-img":"disabled","footer-sml-layout":"","ast-disable-related-posts":"","theme-transparent-header-meta":"default","adv-header-id-meta":"","stick-header-meta":"","header-above-stick-meta":"","header-main-stick-meta":"","header-below-stick-meta":"","astra-migrate-meta-layouts":"default","ast-page-background-enabled":"default","ast-page-background-meta":{"desktop":{"background-color":"","background-image":"","background-repeat":"repeat","background-position":"center center","background-size":"auto","background-attachment":"scroll","background-type":"","background-media":"","overlay-type":"","overlay-color":"","overlay-opacity":"","overlay-gradient":""},"tablet":{"background-color":"","background-image":"","background-repeat":"repeat","background-position":"center center","background-size":"auto","background-attachment":"scroll","background-type":"","background-media":"","overlay-type":"","overlay-color":"","overlay-opacity":"","overlay-gradient":""},"mobile":{"background-color":"","background-image":"","background-repeat":"repeat","background-position":"center center","background-size":"auto","background-attachment":"scroll","background-type":"","background-media":"","overlay-type":"","overlay-color":"","overlay-opacity":"","overlay-gradient":""}},"ast-content-background-meta":{"desktop":{"background-color":"var(--ast-global-color-5)","background-image":"","background-repeat":"repeat","background-position":"center center","background-size":"auto","background-attachment":"scroll","background-type":"","background-media":"","overlay-type":"","overlay-color":"","overlay-opacity":"","overlay-gradient":""},"tablet":{"background-color":"var(--ast-global-color-5)","background-image":"","background-repeat":"repeat","background-position":"center center","background-size":"auto","background-attachment":"scroll","background-type":"","background-media":"","overlay-type":"","overlay-color":"","overlay-opacity":"","overlay-gradient":""},"mobile":{"background-color":"var(--ast-global-color-5)","background-image":"","background-repeat":"repeat","background-position":"center center","background-size":"auto","background-attachment":"scroll","background-type":"","background-media":"","overlay-type":"","overlay-color":"","overlay-opacity":"","overlay-gradient":""}},"footnotes":""},"class_list":["post-3746","page","type-page","status-publish","has-post-thumbnail","hentry"],"_links":{"self":[{"href":"https:\/\/automate.dk\/en\/wp-json\/wp\/v2\/pages\/3746","targetHints":{"allow":["GET"]}}],"collection":[{"href":"https:\/\/automate.dk\/en\/wp-json\/wp\/v2\/pages"}],"about":[{"href":"https:\/\/automate.dk\/en\/wp-json\/wp\/v2\/types\/page"}],"author":[{"embeddable":true,"href":"https:\/\/automate.dk\/en\/wp-json\/wp\/v2\/users\/2"}],"replies":[{"embeddable":true,"href":"https:\/\/automate.dk\/en\/wp-json\/wp\/v2\/comments?post=3746"}],"version-history":[{"count":24,"href":"https:\/\/automate.dk\/en\/wp-json\/wp\/v2\/pages\/3746\/revisions"}],"predecessor-version":[{"id":4728,"href":"https:\/\/automate.dk\/en\/wp-json\/wp\/v2\/pages\/3746\/revisions\/4728"}],"wp:featuredmedia":[{"embeddable":true,"href":"https:\/\/automate.dk\/en\/wp-json\/wp\/v2\/media\/3094"}],"wp:attachment":[{"href":"https:\/\/automate.dk\/en\/wp-json\/wp\/v2\/media?parent=3746"}],"curies":[{"name":"wp","href":"https:\/\/api.w.org\/{rel}","templated":true}]}}